{"id":9,"date":"2024-04-23T14:23:58","date_gmt":"2024-04-23T12:23:58","guid":{"rendered":"https:\/\/www.t5studio.se\/?page_id=9"},"modified":"2026-02-17T08:11:39","modified_gmt":"2026-02-17T07:11:39","slug":"t5-studio","status":"publish","type":"page","link":"https:\/\/www.t5studio.se\/sv\/","title":{"rendered":"T5 studio"},"content":{"rendered":"\n[et_pb_section fb_built=&#8221;1&#8243; _builder_version=&#8221;4.27.4&#8243; _module_preset=&#8221;default&#8221; background_video_mp4=&#8221;https:\/\/www.t5studio.se\/wp-content\/uploads\/2025\/06\/T5_Studio_web_bw.mp4&#8243; min_height=&#8221;100vh&#8221; background_last_edited=&#8221;on|phone&#8221; background_video_mp4_phone=&#8221;https:\/\/www.t5studio.se\/wp-content\/uploads\/2025\/06\/T5_Studio_web_phone.mp4&#8243; background_enable_video_mp4_phone=&#8221;on&#8221; global_colors_info=&#8221;{}&#8221;][\/et_pb_section][et_pb_section fb_built=&#8221;1&#8243; custom_padding_last_edited=&#8221;on|tablet&#8221; module_class=&#8221;section-supplier&#8221; _builder_version=&#8221;4.27.4&#8243; _module_preset=&#8221;default&#8221; height=&#8221;auto&#8221; custom_margin=&#8221;||||false|false&#8221; custom_padding=&#8221;46px|50px||50px|false|true&#8221; custom_padding_tablet=&#8221;0px|30px||30px|false|true&#8221; custom_padding_phone=&#8221;0px|20px||20px|false|true&#8221; locked=&#8221;off&#8221; global_colors_info=&#8221;{}&#8221;][et_pb_row _builder_version=&#8221;4.27.4&#8243; _module_preset=&#8221;default&#8221; width=&#8221;100%&#8221; max_width=&#8221;900px&#8221; custom_margin=&#8221;0px||||false|false&#8221; custom_padding=&#8221;||||false|false&#8221; global_colors_info=&#8221;{}&#8221;][et_pb_column type=&#8221;4_4&#8243; _builder_version=&#8221;4.25.1&#8243; _module_preset=&#8221;default&#8221; global_colors_info=&#8221;{}&#8221;][et_pb_text module_class=&#8221;aos-fade-up&#8221; _builder_version=&#8221;4.27.4&#8243; _module_preset=&#8221;default&#8221; custom_margin=&#8221;36px||||false|false&#8221; global_colors_info=&#8221;{}&#8221;]<h1 class=\"supplier-header\">T5 Studio<\/h1>[\/et_pb_text][et_pb_text module_class=&#8221;aos-fade-up&#8221; _builder_version=&#8221;4.27.4&#8243; _module_preset=&#8221;default&#8221; global_colors_info=&#8221;{}&#8221;]<p class=\"ingress\">This is not for everyone.<\/p>\n<p>At T5 Studio, we curate the pieces we simply couldn\u2019t resist. Kitchens, furniture, lighting, and artworks from world-leading makers \u2013 carefully selected with integrity. Here, we celebrate the rare, the personally crafted, and the thoughtfully made \u2013 for those seeking something beyond the ordinary.<\/p>\n<p><span>T5 is built by <\/span><strong data-start=\"619\" data-end=\"635\">Marc Hulth\u00e9n<\/strong><span>, with nearly 25 years in the interior design industry, and <\/span><strong data-start=\"695\" data-end=\"714\">Niklas Claesson<\/strong><span>, a dedicated carpenter with a designer\u2019s mindset. For us, this is more than a profession \u2013 it\u2019s a way of life. We go the extra mile to create lasting results and strong relationships. Whether you need a full interior concept or a custom-built solution, we offer honest guidance, deep knowledge, and a passion that drives everything we do.<\/span><\/p>\n<p>Welcome to experience T5 at Terrassgatan 5 in Gothenburg.<\/p>[\/et_pb_text][\/et_pb_column][\/et_pb_row][\/et_pb_section]\n","protected":false},"excerpt":{"rendered":"<p>T5 StudioThis is not for everyone. At T5 Studio, we curate the pieces we simply couldn\u2019t resist. Kitchens, furniture, lighting, and artworks from world-leading makers \u2013 carefully selected with integrity. Here, we celebrate the rare, the personally crafted, and the thoughtfully made \u2013 for those seeking something beyond the ordinary. T5 is built by Marc [&hellip;]<\/p>\n","protected":false},"author":6,"featured_media":0,"parent":0,"menu_order":0,"comment_status":"closed","ping_status":"closed","template":"","meta":{"_acf_changed":false,"_et_pb_use_builder":"on","_et_pb_old_content":"","_et_gb_content_width":"","_oct_exclude_from_cache":false,"footnotes":""},"class_list":["post-9","page","type-page","status-publish","hentry"],"acf":[],"yoast_head":"<!-- This site is optimized with the Yoast SEO plugin v26.9 - https:\/\/yoast.com\/product\/yoast-seo-wordpress\/ -->\n<title>T5 studio - det h\u00e4r \u00e4r inte f\u00f6r alla<\/title>\n<meta name=\"description\" content=\"T5 Studio erbjuder exklusiva k\u00f6k, m\u00f6bler, belysning och konst fr\u00e5n ledande formgivare \u2013 noggrant utvalt f\u00f6r dig som s\u00f6ker unik design.\" \/>\n<meta name=\"robots\" content=\"index, follow, max-snippet:-1, max-image-preview:large, max-video-preview:-1\" \/>\n<link rel=\"canonical\" href=\"https:\/\/www.t5studio.se\/sv\/\" \/>\n<meta property=\"og:locale\" content=\"sv_SE\" \/>\n<meta property=\"og:type\" content=\"article\" \/>\n<meta property=\"og:title\" content=\"T5 studio - det h\u00e4r \u00e4r inte f\u00f6r alla\" \/>\n<meta property=\"og:description\" content=\"T5 Studio erbjuder exklusiva k\u00f6k, m\u00f6bler, belysning och konst fr\u00e5n ledande formgivare \u2013 noggrant utvalt f\u00f6r dig som s\u00f6ker unik design.\" \/>\n<meta property=\"og:url\" content=\"https:\/\/www.t5studio.se\/sv\/\" \/>\n<meta property=\"og:site_name\" content=\"T5 studio\" \/>\n<meta property=\"article:modified_time\" content=\"2026-02-17T07:11:39+00:00\" \/>\n<meta name=\"twitter:card\" content=\"summary_large_image\" \/>\n<meta name=\"twitter:label1\" content=\"Ber\u00e4knad l\u00e4stid\" \/>\n\t<meta name=\"twitter:data1\" content=\"1 minut\" \/>\n<script type=\"application\/ld+json\" class=\"yoast-schema-graph\">{\"@context\":\"https:\/\/schema.org\",\"@graph\":[{\"@type\":\"WebPage\",\"@id\":\"https:\/\/www.t5studio.se\/\",\"url\":\"https:\/\/www.t5studio.se\/\",\"name\":\"T5 studio - det h\u00e4r \u00e4r inte f\u00f6r alla\",\"isPartOf\":{\"@id\":\"https:\/\/www.t5studio.se\/#website\"},\"datePublished\":\"2024-04-23T12:23:58+00:00\",\"dateModified\":\"2026-02-17T07:11:39+00:00\",\"description\":\"T5 Studio erbjuder exklusiva k\u00f6k, m\u00f6bler, belysning och konst fr\u00e5n ledande formgivare \u2013 noggrant utvalt f\u00f6r dig som s\u00f6ker unik design.\",\"breadcrumb\":{\"@id\":\"https:\/\/www.t5studio.se\/#breadcrumb\"},\"inLanguage\":\"sv-SE\",\"potentialAction\":[{\"@type\":\"ReadAction\",\"target\":[\"https:\/\/www.t5studio.se\/\"]}]},{\"@type\":\"BreadcrumbList\",\"@id\":\"https:\/\/www.t5studio.se\/#breadcrumb\",\"itemListElement\":[{\"@type\":\"ListItem\",\"position\":1,\"name\":\"Home\",\"item\":\"https:\/\/www.t5studio.se\/\"},{\"@type\":\"ListItem\",\"position\":2,\"name\":\"T5 studio\"}]},{\"@type\":\"WebSite\",\"@id\":\"https:\/\/www.t5studio.se\/#website\",\"url\":\"https:\/\/www.t5studio.se\/\",\"name\":\"T5 studio\",\"description\":\"\",\"potentialAction\":[{\"@type\":\"SearchAction\",\"target\":{\"@type\":\"EntryPoint\",\"urlTemplate\":\"https:\/\/www.t5studio.se\/?s={search_term_string}\"},\"query-input\":{\"@type\":\"PropertyValueSpecification\",\"valueRequired\":true,\"valueName\":\"search_term_string\"}}],\"inLanguage\":\"sv-SE\"}]}<\/script>\n<!-- \/ Yoast SEO plugin. -->","yoast_head_json":{"title":"T5 studio - det h\u00e4r \u00e4r inte f\u00f6r alla","description":"T5 Studio erbjuder exklusiva k\u00f6k, m\u00f6bler, belysning och konst fr\u00e5n ledande formgivare \u2013 noggrant utvalt f\u00f6r dig som s\u00f6ker unik design.","robots":{"index":"index","follow":"follow","max-snippet":"max-snippet:-1","max-image-preview":"max-image-preview:large","max-video-preview":"max-video-preview:-1"},"canonical":"https:\/\/www.t5studio.se\/sv\/","og_locale":"sv_SE","og_type":"article","og_title":"T5 studio - det h\u00e4r \u00e4r inte f\u00f6r alla","og_description":"T5 Studio erbjuder exklusiva k\u00f6k, m\u00f6bler, belysning och konst fr\u00e5n ledande formgivare \u2013 noggrant utvalt f\u00f6r dig som s\u00f6ker unik design.","og_url":"https:\/\/www.t5studio.se\/sv\/","og_site_name":"T5 studio","article_modified_time":"2026-02-17T07:11:39+00:00","twitter_card":"summary_large_image","twitter_misc":{"Ber\u00e4knad l\u00e4stid":"1 minut"},"schema":{"@context":"https:\/\/schema.org","@graph":[{"@type":"WebPage","@id":"https:\/\/www.t5studio.se\/","url":"https:\/\/www.t5studio.se\/","name":"T5 studio - det h\u00e4r \u00e4r inte f\u00f6r alla","isPartOf":{"@id":"https:\/\/www.t5studio.se\/#website"},"datePublished":"2024-04-23T12:23:58+00:00","dateModified":"2026-02-17T07:11:39+00:00","description":"T5 Studio erbjuder exklusiva k\u00f6k, m\u00f6bler, belysning och konst fr\u00e5n ledande formgivare \u2013 noggrant utvalt f\u00f6r dig som s\u00f6ker unik design.","breadcrumb":{"@id":"https:\/\/www.t5studio.se\/#breadcrumb"},"inLanguage":"sv-SE","potentialAction":[{"@type":"ReadAction","target":["https:\/\/www.t5studio.se\/"]}]},{"@type":"BreadcrumbList","@id":"https:\/\/www.t5studio.se\/#breadcrumb","itemListElement":[{"@type":"ListItem","position":1,"name":"Home","item":"https:\/\/www.t5studio.se\/"},{"@type":"ListItem","position":2,"name":"T5 studio"}]},{"@type":"WebSite","@id":"https:\/\/www.t5studio.se\/#website","url":"https:\/\/www.t5studio.se\/","name":"T5 studio","description":"","potentialAction":[{"@type":"SearchAction","target":{"@type":"EntryPoint","urlTemplate":"https:\/\/www.t5studio.se\/?s={search_term_string}"},"query-input":{"@type":"PropertyValueSpecification","valueRequired":true,"valueName":"search_term_string"}}],"inLanguage":"sv-SE"}]}},"_links":{"self":[{"href":"https:\/\/www.t5studio.se\/sv\/wp-json\/wp\/v2\/pages\/9","targetHints":{"allow":["GET"]}}],"collection":[{"href":"https:\/\/www.t5studio.se\/sv\/wp-json\/wp\/v2\/pages"}],"about":[{"href":"https:\/\/www.t5studio.se\/sv\/wp-json\/wp\/v2\/types\/page"}],"author":[{"embeddable":true,"href":"https:\/\/www.t5studio.se\/sv\/wp-json\/wp\/v2\/users\/6"}],"replies":[{"embeddable":true,"href":"https:\/\/www.t5studio.se\/sv\/wp-json\/wp\/v2\/comments?post=9"}],"version-history":[{"count":4,"href":"https:\/\/www.t5studio.se\/sv\/wp-json\/wp\/v2\/pages\/9\/revisions"}],"predecessor-version":[{"id":2192,"href":"https:\/\/www.t5studio.se\/sv\/wp-json\/wp\/v2\/pages\/9\/revisions\/2192"}],"wp:attachment":[{"href":"https:\/\/www.t5studio.se\/sv\/wp-json\/wp\/v2\/media?parent=9"}],"curies":[{"name":"wp","href":"https:\/\/api.w.org\/{rel}","templated":true}]}}