{"id":528,"date":"2024-08-14T12:02:33","date_gmt":"2024-08-14T10:02:33","guid":{"rendered":"https:\/\/www.t5studio.se\/?page_id=528"},"modified":"2025-11-06T08:34:23","modified_gmt":"2025-11-06T07:34:23","slug":"domani","status":"publish","type":"page","link":"https:\/\/www.t5studio.se\/sv\/domani\/","title":{"rendered":"Domani"},"content":{"rendered":"\n[et_pb_section fb_built=&#8221;1&#8243; module_class=&#8221; gradient-white&#8221; _builder_version=&#8221;4.27.4&#8243; _module_preset=&#8221;default&#8221; background_image=&#8221;https:\/\/www.t5studio.se\/wp-content\/uploads\/2024\/08\/Domani-16&#215;9-1.jpg&#8221; background_position=&#8221;bottom_left&#8221; background_vertical_offset=&#8221;0%&#8221; background_blend=&#8221;color&#8221; background_enable_video_mp4=&#8221;off&#8221; height_tablet=&#8221;500px&#8221; height_phone=&#8221;320px&#8221; height_last_edited=&#8221;on|phone&#8221; hover_enabled=&#8221;0&#8243; global_colors_info=&#8221;{}&#8221; sticky_enabled=&#8221;0&#8243;][et_pb_row module_class=&#8221;arrow-down&#8221; _builder_version=&#8221;4.27.4&#8243; _module_preset=&#8221;default&#8221; global_colors_info=&#8221;{}&#8221;][et_pb_column type=&#8221;4_4&#8243; _builder_version=&#8221;4.27.4&#8243; _module_preset=&#8221;default&#8221; global_colors_info=&#8221;{}&#8221;][et_pb_image src=&#8221;https:\/\/www.t5studio.se\/wp-content\/uploads\/2025\/02\/arrow-down.png&#8221; title_text=&#8221;arrow-down&#8221; _builder_version=&#8221;4.27.4&#8243; _module_preset=&#8221;default&#8221; global_colors_info=&#8221;{}&#8221;][\/et_pb_image][\/et_pb_column][\/et_pb_row][\/et_pb_section][et_pb_section fb_built=&#8221;1&#8243; custom_padding_last_edited=&#8221;on|tablet&#8221; module_class=&#8221;section-supplier&#8221; _builder_version=&#8221;4.27.4&#8243; _module_preset=&#8221;default&#8221; height=&#8221;auto&#8221; custom_margin=&#8221;||||false|false&#8221; custom_padding=&#8221;0px|50px||50px|false|true&#8221; custom_padding_tablet=&#8221;0px|30px||30px|false|true&#8221; custom_padding_phone=&#8221;0px|20px||20px|false|true&#8221; global_colors_info=&#8221;{}&#8221;][et_pb_row _builder_version=&#8221;4.27.4&#8243; _module_preset=&#8221;default&#8221; width=&#8221;100%&#8221; max_width=&#8221;900px&#8221; custom_margin=&#8221;0px||||false|false&#8221; custom_padding=&#8221;||||false|false&#8221; global_colors_info=&#8221;{}&#8221;][et_pb_column type=&#8221;4_4&#8243; _builder_version=&#8221;4.25.1&#8243; _module_preset=&#8221;default&#8221; global_colors_info=&#8221;{}&#8221;][et_pb_text module_class=&#8221;aos-fade-up&#8221; _builder_version=&#8221;4.27.4&#8243; _module_preset=&#8221;default&#8221; custom_margin=&#8221;-90px||||false|false&#8221; global_colors_info=&#8221;{}&#8221;]<h1 class=\"supplier-header\">Domani<\/h1>[\/et_pb_text][et_pb_text module_class=&#8221;aos-fade-up&#8221; _builder_version=&#8221;4.27.4&#8243; _module_preset=&#8221;default&#8221; global_colors_info=&#8221;{}&#8221;]<p class=\"ingress\">According to ancient traditions<\/p>\n<p>Belgian company Domani creates beautifully crafted pots and planters, following ancient traditions. With a passionate focus, every step of the manufacturing process is carefully monitored. From the design and conceptualization of each collection at the showroom in Antwerp to all the production work, which is done by hand at the facility just outside the historic Hungarian city of P\u00e9cs.<\/p>\n<p>Domani&#8217;s pots and planters, made from clay, zinc, or corten steel, become valuable, soulful complements to any interior or exterior environment. With truly superior quality.<\/p>\n<p>We are very pleased with our collaboration with this fine Belgian company.<\/p>[\/et_pb_text][et_pb_text _builder_version=&#8221;4.27.0&#8243; _module_preset=&#8221;default&#8221; link_font=&#8221;||||on||||&#8221; global_colors_info=&#8221;{}&#8221;]<p><a href=\"https:\/\/domani.be\/\" target=\"_blank\" rel=\"noopener\" title=\"Domani\">domani.be<\/a><\/p>[\/et_pb_text][\/et_pb_column][\/et_pb_row][\/et_pb_section]\n","protected":false},"excerpt":{"rendered":"<p>DomaniAccording to ancient traditions Belgian company Domani creates beautifully crafted pots and planters, following ancient traditions. With a passionate focus, every step of the manufacturing process is carefully monitored. From the design and conceptualization of each collection at the showroom in Antwerp to all the production work, which is done by hand at the facility [&hellip;]<\/p>\n","protected":false},"author":6,"featured_media":0,"parent":0,"menu_order":0,"comment_status":"closed","ping_status":"closed","template":"","meta":{"_acf_changed":false,"_et_pb_use_builder":"on","_et_pb_old_content":"","_et_gb_content_width":"","_oct_exclude_from_cache":false,"footnotes":""},"class_list":["post-528","page","type-page","status-publish","hentry"],"acf":[],"yoast_head":"<!-- This site is optimized with the Yoast SEO plugin v26.9 - https:\/\/yoast.com\/product\/yoast-seo-wordpress\/ -->\n<title>Domani - T5 studio<\/title>\n<meta name=\"description\" content=\"Domanis krukor och planteringsk\u00e4rl, i lera, zink eller corten, \u00e4r v\u00e4rdefulla komplement till vilken interi\u00f6r eller exteri\u00f6r milj\u00f6 som helst.\" \/>\n<meta name=\"robots\" content=\"index, follow, max-snippet:-1, max-image-preview:large, max-video-preview:-1\" \/>\n<link rel=\"canonical\" href=\"https:\/\/www.t5studio.se\/sv\/domani\/\" \/>\n<meta property=\"og:locale\" content=\"sv_SE\" \/>\n<meta property=\"og:type\" content=\"article\" \/>\n<meta property=\"og:title\" content=\"Domani - T5 studio\" \/>\n<meta property=\"og:description\" content=\"Domanis krukor och planteringsk\u00e4rl, i lera, zink eller corten, \u00e4r v\u00e4rdefulla komplement till vilken interi\u00f6r eller exteri\u00f6r milj\u00f6 som helst.\" \/>\n<meta property=\"og:url\" content=\"https:\/\/www.t5studio.se\/sv\/domani\/\" \/>\n<meta property=\"og:site_name\" content=\"T5 studio\" \/>\n<meta property=\"article:modified_time\" content=\"2025-11-06T07:34:23+00:00\" \/>\n<meta name=\"twitter:card\" content=\"summary_large_image\" \/>\n<meta name=\"twitter:label1\" content=\"Ber\u00e4knad l\u00e4stid\" \/>\n\t<meta name=\"twitter:data1\" content=\"1 minut\" \/>\n<script type=\"application\/ld+json\" class=\"yoast-schema-graph\">{\"@context\":\"https:\/\/schema.org\",\"@graph\":[{\"@type\":\"WebPage\",\"@id\":\"https:\/\/www.t5studio.se\/domani\/\",\"url\":\"https:\/\/www.t5studio.se\/domani\/\",\"name\":\"Domani - T5 studio\",\"isPartOf\":{\"@id\":\"https:\/\/www.t5studio.se\/#website\"},\"datePublished\":\"2024-08-14T10:02:33+00:00\",\"dateModified\":\"2025-11-06T07:34:23+00:00\",\"description\":\"Domanis krukor och planteringsk\u00e4rl, i lera, zink eller corten, \u00e4r v\u00e4rdefulla komplement till vilken interi\u00f6r eller exteri\u00f6r milj\u00f6 som helst.\",\"breadcrumb\":{\"@id\":\"https:\/\/www.t5studio.se\/domani\/#breadcrumb\"},\"inLanguage\":\"sv-SE\",\"potentialAction\":[{\"@type\":\"ReadAction\",\"target\":[\"https:\/\/www.t5studio.se\/domani\/\"]}]},{\"@type\":\"BreadcrumbList\",\"@id\":\"https:\/\/www.t5studio.se\/domani\/#breadcrumb\",\"itemListElement\":[{\"@type\":\"ListItem\",\"position\":1,\"name\":\"Home\",\"item\":\"https:\/\/www.t5studio.se\/\"},{\"@type\":\"ListItem\",\"position\":2,\"name\":\"Domani\"}]},{\"@type\":\"WebSite\",\"@id\":\"https:\/\/www.t5studio.se\/#website\",\"url\":\"https:\/\/www.t5studio.se\/\",\"name\":\"T5 studio\",\"description\":\"\",\"potentialAction\":[{\"@type\":\"SearchAction\",\"target\":{\"@type\":\"EntryPoint\",\"urlTemplate\":\"https:\/\/www.t5studio.se\/?s={search_term_string}\"},\"query-input\":{\"@type\":\"PropertyValueSpecification\",\"valueRequired\":true,\"valueName\":\"search_term_string\"}}],\"inLanguage\":\"sv-SE\"}]}<\/script>\n<!-- \/ Yoast SEO plugin. -->","yoast_head_json":{"title":"Domani - T5 studio","description":"Domanis krukor och planteringsk\u00e4rl, i lera, zink eller corten, \u00e4r v\u00e4rdefulla komplement till vilken interi\u00f6r eller exteri\u00f6r milj\u00f6 som helst.","robots":{"index":"index","follow":"follow","max-snippet":"max-snippet:-1","max-image-preview":"max-image-preview:large","max-video-preview":"max-video-preview:-1"},"canonical":"https:\/\/www.t5studio.se\/sv\/domani\/","og_locale":"sv_SE","og_type":"article","og_title":"Domani - T5 studio","og_description":"Domanis krukor och planteringsk\u00e4rl, i lera, zink eller corten, \u00e4r v\u00e4rdefulla komplement till vilken interi\u00f6r eller exteri\u00f6r milj\u00f6 som helst.","og_url":"https:\/\/www.t5studio.se\/sv\/domani\/","og_site_name":"T5 studio","article_modified_time":"2025-11-06T07:34:23+00:00","twitter_card":"summary_large_image","twitter_misc":{"Ber\u00e4knad l\u00e4stid":"1 minut"},"schema":{"@context":"https:\/\/schema.org","@graph":[{"@type":"WebPage","@id":"https:\/\/www.t5studio.se\/domani\/","url":"https:\/\/www.t5studio.se\/domani\/","name":"Domani - T5 studio","isPartOf":{"@id":"https:\/\/www.t5studio.se\/#website"},"datePublished":"2024-08-14T10:02:33+00:00","dateModified":"2025-11-06T07:34:23+00:00","description":"Domanis krukor och planteringsk\u00e4rl, i lera, zink eller corten, \u00e4r v\u00e4rdefulla komplement till vilken interi\u00f6r eller exteri\u00f6r milj\u00f6 som helst.","breadcrumb":{"@id":"https:\/\/www.t5studio.se\/domani\/#breadcrumb"},"inLanguage":"sv-SE","potentialAction":[{"@type":"ReadAction","target":["https:\/\/www.t5studio.se\/domani\/"]}]},{"@type":"BreadcrumbList","@id":"https:\/\/www.t5studio.se\/domani\/#breadcrumb","itemListElement":[{"@type":"ListItem","position":1,"name":"Home","item":"https:\/\/www.t5studio.se\/"},{"@type":"ListItem","position":2,"name":"Domani"}]},{"@type":"WebSite","@id":"https:\/\/www.t5studio.se\/#website","url":"https:\/\/www.t5studio.se\/","name":"T5 studio","description":"","potentialAction":[{"@type":"SearchAction","target":{"@type":"EntryPoint","urlTemplate":"https:\/\/www.t5studio.se\/?s={search_term_string}"},"query-input":{"@type":"PropertyValueSpecification","valueRequired":true,"valueName":"search_term_string"}}],"inLanguage":"sv-SE"}]}},"_links":{"self":[{"href":"https:\/\/www.t5studio.se\/sv\/wp-json\/wp\/v2\/pages\/528","targetHints":{"allow":["GET"]}}],"collection":[{"href":"https:\/\/www.t5studio.se\/sv\/wp-json\/wp\/v2\/pages"}],"about":[{"href":"https:\/\/www.t5studio.se\/sv\/wp-json\/wp\/v2\/types\/page"}],"author":[{"embeddable":true,"href":"https:\/\/www.t5studio.se\/sv\/wp-json\/wp\/v2\/users\/6"}],"replies":[{"embeddable":true,"href":"https:\/\/www.t5studio.se\/sv\/wp-json\/wp\/v2\/comments?post=528"}],"version-history":[{"count":1,"href":"https:\/\/www.t5studio.se\/sv\/wp-json\/wp\/v2\/pages\/528\/revisions"}],"predecessor-version":[{"id":2052,"href":"https:\/\/www.t5studio.se\/sv\/wp-json\/wp\/v2\/pages\/528\/revisions\/2052"}],"wp:attachment":[{"href":"https:\/\/www.t5studio.se\/sv\/wp-json\/wp\/v2\/media?parent=528"}],"curies":[{"name":"wp","href":"https:\/\/api.w.org\/{rel}","templated":true}]}}