{"id":501,"date":"2024-06-10T09:54:32","date_gmt":"2024-06-10T07:54:32","guid":{"rendered":"https:\/\/www.t5studio.se\/?page_id=501"},"modified":"2026-02-17T07:56:59","modified_gmt":"2026-02-17T06:56:59","slug":"unox-casa","status":"publish","type":"page","link":"https:\/\/www.t5studio.se\/sv\/unox-casa\/","title":{"rendered":"Unox Casa"},"content":{"rendered":"<p>[et_pb_section fb_built=&#8221;1&#8243; module_class=&#8221; gradient-white&#8221; _builder_version=&#8221;4.27.4&#8243; _module_preset=&#8221;default&#8221; use_background_color_gradient=&#8221;on&#8221; background_color_gradient_direction=&#8221;90deg&#8221; background_color_gradient_stops=&#8221;rgba(0,0,0,0.4) 0%|rgba(0,0,0,0) 40%&#8221; background_color_gradient_overlays_image=&#8221;on&#8221; background_image=&#8221;https:\/\/www.t5studio.se\/wp-content\/uploads\/2025\/01\/Unox-casa-bild-3.jpg&#8221; background_position=&#8221;bottom_center&#8221; background_enable_video_mp4=&#8221;off&#8221; height_tablet=&#8221;500px&#8221; height_phone=&#8221;320px&#8221; height_last_edited=&#8221;on|phone&#8221; global_colors_info=&#8221;{}&#8221;][et_pb_row module_class=&#8221;arrow-down&#8221; _builder_version=&#8221;4.27.4&#8243; _module_preset=&#8221;default&#8221; locked=&#8221;off&#8221; global_colors_info=&#8221;{}&#8221;][et_pb_column type=&#8221;4_4&#8243; _builder_version=&#8221;4.27.4&#8243; _module_preset=&#8221;default&#8221; global_colors_info=&#8221;{}&#8221;][et_pb_image src=&#8221;https:\/\/www.t5studio.se\/wp-content\/uploads\/2025\/02\/arrow-down.png&#8221; title_text=&#8221;arrow-down&#8221; _builder_version=&#8221;4.27.4&#8243; _module_preset=&#8221;default&#8221; global_colors_info=&#8221;{}&#8221;][\/et_pb_image][\/et_pb_column][\/et_pb_row][\/et_pb_section][et_pb_section fb_built=&#8221;1&#8243; custom_padding_last_edited=&#8221;on|tablet&#8221; module_class=&#8221;section-supplier&#8221; _builder_version=&#8221;4.27.4&#8243; _module_preset=&#8221;default&#8221; height=&#8221;auto&#8221; custom_margin=&#8221;||||false|false&#8221; custom_padding=&#8221;0px|50px||50px|false|true&#8221; custom_padding_tablet=&#8221;0px|30px||30px|false|true&#8221; custom_padding_phone=&#8221;0px|20px||20px|false|true&#8221; global_colors_info=&#8221;{}&#8221;][et_pb_row _builder_version=&#8221;4.27.4&#8243; _module_preset=&#8221;default&#8221; width=&#8221;100%&#8221; max_width=&#8221;900px&#8221; custom_margin=&#8221;0px||||false|false&#8221; custom_padding=&#8221;||||false|false&#8221; global_colors_info=&#8221;{}&#8221;][et_pb_column type=&#8221;4_4&#8243; _builder_version=&#8221;4.25.1&#8243; _module_preset=&#8221;default&#8221; global_colors_info=&#8221;{}&#8221;][et_pb_text module_class=&#8221;aos-fade-up&#8221; _builder_version=&#8221;4.27.4&#8243; _module_preset=&#8221;default&#8221; custom_margin=&#8221;-90px||||false|false&#8221; global_colors_info=&#8221;{}&#8221;]<\/p>\n<h1 class=\"supplier-header\">Unox Casa<\/h1>\n<p>[\/et_pb_text][et_pb_text module_class=&#8221;aos-fade-up&#8221; _builder_version=&#8221;4.27.4&#8243; _module_preset=&#8221;default&#8221; custom_margin=&#8221;||30px||false|false&#8221; global_colors_info=&#8221;{}&#8221;]<\/p>\n<p class=\"ingress\">A new star in the kitchen<b><\/b><\/p>\n<p>For over 30 years, Unox ovens have proudly served star chefs and visionary restaurateurs. Originally crafted for the most demanding professional kitchens, they are now making their mark in the homes of the most discerning home cooks.<\/p>\n<p>&#8211; The transition from the professional industry to private residences presented a unique set of challenges, Unox explains. Professional users typically seek optimal performance and support, evaluating these factors against the purchase price to ensure the best return on investment. For them, it\u2019s about acquiring an industrial machine to drive their kitchen\u2019s production cycle. Private customers, on the other hand, are investing in a product that enhances their quality of life, where performance and service are essential, alongside design and brand positioning.<\/p>\n<p>Unox Casa is making its debut in Sweden at T5 studio, and we couldn\u2019t be more thrilled.<\/p>\n<p>[\/et_pb_text][et_pb_text _builder_version=&#8221;4.27.4&#8243; _module_preset=&#8221;default&#8221; link_font=&#8221;||||on||||&#8221; global_colors_info=&#8221;{}&#8221;]<\/p>\n<p><a href=\"https:\/\/www.unoxcasa.com\/\" target=\"_blank\" rel=\"noopener\">unoxcasa.com<\/a><\/p>\n<p>[\/et_pb_text][\/et_pb_column][\/et_pb_row][\/et_pb_section][et_pb_section fb_built=&#8221;1&#8243; custom_padding_last_edited=&#8221;on|tablet&#8221; disabled_on=&#8221;on|on|on&#8221; module_class=&#8221;section-supplier&#8221; _builder_version=&#8221;4.27.4&#8243; _module_preset=&#8221;default&#8221; height=&#8221;auto&#8221; custom_margin=&#8221;||||false|false&#8221; custom_padding=&#8221;0px|50px||50px|false|true&#8221; custom_padding_tablet=&#8221;0px|30px||30px|false|true&#8221; custom_padding_phone=&#8221;0px|20px||20px|false|true&#8221; disabled=&#8221;on&#8221; global_colors_info=&#8221;{}&#8221;][et_pb_row module_class=&#8221;aos-fade-up&#8221; _builder_version=&#8221;4.27.0&#8243; _module_preset=&#8221;default&#8221; width=&#8221;100%&#8221; max_width=&#8221;100%&#8221; global_colors_info=&#8221;{}&#8221;][et_pb_column type=&#8221;4_4&#8243; _builder_version=&#8221;4.25.0&#8243; _module_preset=&#8221;default&#8221; global_colors_info=&#8221;{}&#8221;][et_pb_text _builder_version=&#8221;4.27.4&#8243; _module_preset=&#8221;default&#8221; global_colors_info=&#8221;{}&#8221;]<\/p>\n<h1 class=\"supplier-header\">Unox Casa<\/h1>\n<p>[\/et_pb_text][\/et_pb_column][\/et_pb_row][et_pb_row column_structure=&#8221;1_2,1_2&#8243; _builder_version=&#8221;4.25.1&#8243; _module_preset=&#8221;default&#8221; width=&#8221;100%&#8221; max_width=&#8221;100%&#8221; custom_padding=&#8221;||||false|false&#8221; global_colors_info=&#8221;{}&#8221;][et_pb_column type=&#8221;1_2&#8243; _builder_version=&#8221;4.25.1&#8243; _module_preset=&#8221;default&#8221; global_colors_info=&#8221;{}&#8221;][et_pb_text module_class=&#8221;aos-fade-up&#8221; _builder_version=&#8221;4.27.4&#8243; _module_preset=&#8221;default&#8221; global_colors_info=&#8221;{}&#8221;]<\/p>\n<p class=\"ingress\">A new star in the kitchen<b><\/b><\/p>\n<p>For over 30 years, Unox ovens have proudly served star chefs and visionary restaurateurs. Originally crafted for the most demanding professional kitchens, they are now making their mark in the homes of the most discerning home cooks.<\/p>\n<p>&#8211; The transition from the professional industry to private residences presented a unique set of challenges, Unox explains. Professional users typically seek optimal performance and support, evaluating these factors against the purchase price to ensure the best return on investment. For them, it\u2019s about acquiring an industrial machine to drive their kitchen\u2019s production cycle. Private customers, on the other hand, are investing in a product that enhances their quality of life, where performance and service are essential, alongside design and brand positioning.<\/p>\n<p>Unox Casa is making its debut in Sweden at T5 studio, and we couldn\u2019t be more thrilled.<\/p>\n<p>[\/et_pb_text][et_pb_text _builder_version=&#8221;4.27.4&#8243; _module_preset=&#8221;default&#8221; link_font=&#8221;||||on||||&#8221; global_colors_info=&#8221;{}&#8221;]<\/p>\n<p><a href=\"https:\/\/www.unoxcasa.com\/\" target=\"_blank\" rel=\"noopener\">unoxcasa.com<\/a><\/p>\n<p>[\/et_pb_text][\/et_pb_column][et_pb_column type=&#8221;1_2&#8243; _builder_version=&#8221;4.25.0&#8243; _module_preset=&#8221;default&#8221; global_colors_info=&#8221;{}&#8221;][et_pb_image src=&#8221;https:\/\/www.t5studio.se\/wp-content\/uploads\/2024\/06\/Unox_Casa_oven_high.jpg&#8221; title_text=&#8221;Unox_Casa_oven_high&#8221; _builder_version=&#8221;4.25.1&#8243; _module_preset=&#8221;default&#8221; global_colors_info=&#8221;{}&#8221;][\/et_pb_image][\/et_pb_column][\/et_pb_row][\/et_pb_section]<\/p>\n","protected":false},"excerpt":{"rendered":"<p>Unox CasaA new star in the kitchen For over 30 years, Unox ovens have proudly served star chefs and visionary restaurateurs. Originally crafted for the most demanding professional kitchens, they are now making their mark in the homes of the most discerning home cooks. &#8211; The transition from the professional industry to private residences presented [&hellip;]<\/p>\n","protected":false},"author":6,"featured_media":0,"parent":0,"menu_order":0,"comment_status":"closed","ping_status":"closed","template":"","meta":{"_acf_changed":false,"_et_pb_use_builder":"on","_et_pb_old_content":"","_et_gb_content_width":"","_oct_exclude_from_cache":false,"footnotes":""},"class_list":["post-501","page","type-page","status-publish","hentry"],"acf":[],"yoast_head":"<!-- This site is optimized with the Yoast SEO plugin v26.9 - https:\/\/yoast.com\/product\/yoast-seo-wordpress\/ -->\n<title>Unox Casa - T5 studio<\/title>\n<meta name=\"description\" content=\"Unox ugnar har i \u00f6ver 30 \u00e5r tj\u00e4nat stj\u00e4rnkockar och restauranger \u2013 nu ocks\u00e5 hemma hos passionerade hemmakockar.\" \/>\n<meta name=\"robots\" content=\"index, follow, max-snippet:-1, max-image-preview:large, max-video-preview:-1\" \/>\n<link rel=\"canonical\" href=\"https:\/\/www.t5studio.se\/sv\/unox-casa\/\" \/>\n<meta property=\"og:locale\" content=\"sv_SE\" \/>\n<meta property=\"og:type\" content=\"article\" \/>\n<meta property=\"og:title\" content=\"Unox Casa - T5 studio\" \/>\n<meta property=\"og:description\" content=\"Unox ugnar har i \u00f6ver 30 \u00e5r tj\u00e4nat stj\u00e4rnkockar och restauranger \u2013 nu ocks\u00e5 hemma hos passionerade hemmakockar.\" \/>\n<meta property=\"og:url\" content=\"https:\/\/www.t5studio.se\/sv\/unox-casa\/\" \/>\n<meta property=\"og:site_name\" content=\"T5 studio\" \/>\n<meta property=\"article:modified_time\" content=\"2026-02-17T06:56:59+00:00\" \/>\n<meta name=\"twitter:card\" content=\"summary_large_image\" \/>\n<meta name=\"twitter:label1\" content=\"Ber\u00e4knad l\u00e4stid\" \/>\n\t<meta name=\"twitter:data1\" content=\"1 minut\" \/>\n<script type=\"application\/ld+json\" class=\"yoast-schema-graph\">{\"@context\":\"https:\/\/schema.org\",\"@graph\":[{\"@type\":\"WebPage\",\"@id\":\"https:\/\/www.t5studio.se\/unox-casa\/\",\"url\":\"https:\/\/www.t5studio.se\/unox-casa\/\",\"name\":\"Unox Casa - T5 studio\",\"isPartOf\":{\"@id\":\"https:\/\/www.t5studio.se\/#website\"},\"datePublished\":\"2024-06-10T07:54:32+00:00\",\"dateModified\":\"2026-02-17T06:56:59+00:00\",\"description\":\"Unox ugnar har i \u00f6ver 30 \u00e5r tj\u00e4nat stj\u00e4rnkockar och restauranger \u2013 nu ocks\u00e5 hemma hos passionerade hemmakockar.\",\"breadcrumb\":{\"@id\":\"https:\/\/www.t5studio.se\/unox-casa\/#breadcrumb\"},\"inLanguage\":\"sv-SE\",\"potentialAction\":[{\"@type\":\"ReadAction\",\"target\":[\"https:\/\/www.t5studio.se\/unox-casa\/\"]}]},{\"@type\":\"BreadcrumbList\",\"@id\":\"https:\/\/www.t5studio.se\/unox-casa\/#breadcrumb\",\"itemListElement\":[{\"@type\":\"ListItem\",\"position\":1,\"name\":\"Home\",\"item\":\"https:\/\/www.t5studio.se\/\"},{\"@type\":\"ListItem\",\"position\":2,\"name\":\"Unox Casa\"}]},{\"@type\":\"WebSite\",\"@id\":\"https:\/\/www.t5studio.se\/#website\",\"url\":\"https:\/\/www.t5studio.se\/\",\"name\":\"T5 studio\",\"description\":\"\",\"potentialAction\":[{\"@type\":\"SearchAction\",\"target\":{\"@type\":\"EntryPoint\",\"urlTemplate\":\"https:\/\/www.t5studio.se\/?s={search_term_string}\"},\"query-input\":{\"@type\":\"PropertyValueSpecification\",\"valueRequired\":true,\"valueName\":\"search_term_string\"}}],\"inLanguage\":\"sv-SE\"}]}<\/script>\n<!-- \/ Yoast SEO plugin. -->","yoast_head_json":{"title":"Unox Casa - T5 studio","description":"Unox ugnar har i \u00f6ver 30 \u00e5r tj\u00e4nat stj\u00e4rnkockar och restauranger \u2013 nu ocks\u00e5 hemma hos passionerade hemmakockar.","robots":{"index":"index","follow":"follow","max-snippet":"max-snippet:-1","max-image-preview":"max-image-preview:large","max-video-preview":"max-video-preview:-1"},"canonical":"https:\/\/www.t5studio.se\/sv\/unox-casa\/","og_locale":"sv_SE","og_type":"article","og_title":"Unox Casa - T5 studio","og_description":"Unox ugnar har i \u00f6ver 30 \u00e5r tj\u00e4nat stj\u00e4rnkockar och restauranger \u2013 nu ocks\u00e5 hemma hos passionerade hemmakockar.","og_url":"https:\/\/www.t5studio.se\/sv\/unox-casa\/","og_site_name":"T5 studio","article_modified_time":"2026-02-17T06:56:59+00:00","twitter_card":"summary_large_image","twitter_misc":{"Ber\u00e4knad l\u00e4stid":"1 minut"},"schema":{"@context":"https:\/\/schema.org","@graph":[{"@type":"WebPage","@id":"https:\/\/www.t5studio.se\/unox-casa\/","url":"https:\/\/www.t5studio.se\/unox-casa\/","name":"Unox Casa - T5 studio","isPartOf":{"@id":"https:\/\/www.t5studio.se\/#website"},"datePublished":"2024-06-10T07:54:32+00:00","dateModified":"2026-02-17T06:56:59+00:00","description":"Unox ugnar har i \u00f6ver 30 \u00e5r tj\u00e4nat stj\u00e4rnkockar och restauranger \u2013 nu ocks\u00e5 hemma hos passionerade hemmakockar.","breadcrumb":{"@id":"https:\/\/www.t5studio.se\/unox-casa\/#breadcrumb"},"inLanguage":"sv-SE","potentialAction":[{"@type":"ReadAction","target":["https:\/\/www.t5studio.se\/unox-casa\/"]}]},{"@type":"BreadcrumbList","@id":"https:\/\/www.t5studio.se\/unox-casa\/#breadcrumb","itemListElement":[{"@type":"ListItem","position":1,"name":"Home","item":"https:\/\/www.t5studio.se\/"},{"@type":"ListItem","position":2,"name":"Unox Casa"}]},{"@type":"WebSite","@id":"https:\/\/www.t5studio.se\/#website","url":"https:\/\/www.t5studio.se\/","name":"T5 studio","description":"","potentialAction":[{"@type":"SearchAction","target":{"@type":"EntryPoint","urlTemplate":"https:\/\/www.t5studio.se\/?s={search_term_string}"},"query-input":{"@type":"PropertyValueSpecification","valueRequired":true,"valueName":"search_term_string"}}],"inLanguage":"sv-SE"}]}},"_links":{"self":[{"href":"https:\/\/www.t5studio.se\/sv\/wp-json\/wp\/v2\/pages\/501","targetHints":{"allow":["GET"]}}],"collection":[{"href":"https:\/\/www.t5studio.se\/sv\/wp-json\/wp\/v2\/pages"}],"about":[{"href":"https:\/\/www.t5studio.se\/sv\/wp-json\/wp\/v2\/types\/page"}],"author":[{"embeddable":true,"href":"https:\/\/www.t5studio.se\/sv\/wp-json\/wp\/v2\/users\/6"}],"replies":[{"embeddable":true,"href":"https:\/\/www.t5studio.se\/sv\/wp-json\/wp\/v2\/comments?post=501"}],"version-history":[{"count":1,"href":"https:\/\/www.t5studio.se\/sv\/wp-json\/wp\/v2\/pages\/501\/revisions"}],"predecessor-version":[{"id":2197,"href":"https:\/\/www.t5studio.se\/sv\/wp-json\/wp\/v2\/pages\/501\/revisions\/2197"}],"wp:attachment":[{"href":"https:\/\/www.t5studio.se\/sv\/wp-json\/wp\/v2\/media?parent=501"}],"curies":[{"name":"wp","href":"https:\/\/api.w.org\/{rel}","templated":true}]}}