{"id":289,"date":"2024-05-07T10:48:02","date_gmt":"2024-05-07T08:48:02","guid":{"rendered":"https:\/\/www.t5studio.se\/?page_id=289"},"modified":"2026-02-17T07:53:03","modified_gmt":"2026-02-17T06:53:03","slug":"om-oss","status":"publish","type":"page","link":"https:\/\/www.t5studio.se\/sv\/om-oss\/","title":{"rendered":"Om oss"},"content":{"rendered":"\n[et_pb_section fb_built=&#8221;1&#8243; module_class=&#8221; gradient-white&#8221; _builder_version=&#8221;4.27.4&#8243; _module_preset=&#8221;default&#8221; background_image=&#8221;https:\/\/www.t5studio.se\/wp-content\/uploads\/2025\/01\/Niklas-o-Marc-scaled.jpg&#8221; background_position=&#8221;center_left&#8221; background_enable_video_mp4=&#8221;off&#8221; min_height_tablet=&#8221;40vh&#8221; min_height_phone=&#8221;30vh&#8221; min_height_last_edited=&#8221;off|desktop&#8221; height_tablet=&#8221;500px&#8221; height_phone=&#8221;320px&#8221; height_last_edited=&#8221;on|phone&#8221; global_colors_info=&#8221;{}&#8221;][et_pb_row module_class=&#8221;arrow-down&#8221; _builder_version=&#8221;4.27.4&#8243; _module_preset=&#8221;default&#8221; locked=&#8221;off&#8221; global_colors_info=&#8221;{}&#8221;][et_pb_column type=&#8221;4_4&#8243; _builder_version=&#8221;4.27.4&#8243; _module_preset=&#8221;default&#8221; global_colors_info=&#8221;{}&#8221;][et_pb_image src=&#8221;https:\/\/www.t5studio.se\/wp-content\/uploads\/2025\/02\/arrow-down.png&#8221; title_text=&#8221;arrow-down&#8221; _builder_version=&#8221;4.27.4&#8243; _module_preset=&#8221;default&#8221; global_colors_info=&#8221;{}&#8221;][\/et_pb_image][\/et_pb_column][\/et_pb_row][\/et_pb_section][et_pb_section fb_built=&#8221;1&#8243; custom_padding_last_edited=&#8221;on|tablet&#8221; module_class=&#8221;section-supplier&#8221; _builder_version=&#8221;4.27.4&#8243; _module_preset=&#8221;default&#8221; height=&#8221;auto&#8221; custom_margin=&#8221;||||false|false&#8221; custom_padding=&#8221;0px|50px||50px|false|true&#8221; custom_padding_tablet=&#8221;0px|30px||30px|false|true&#8221; custom_padding_phone=&#8221;0px|20px||20px|false|true&#8221; global_colors_info=&#8221;{}&#8221;][et_pb_row _builder_version=&#8221;4.27.4&#8243; _module_preset=&#8221;default&#8221; width=&#8221;100%&#8221; max_width=&#8221;900px&#8221; custom_margin=&#8221;0px||||false|false&#8221; custom_padding=&#8221;||||false|false&#8221; global_colors_info=&#8221;{}&#8221;][et_pb_column type=&#8221;4_4&#8243; _builder_version=&#8221;4.25.1&#8243; _module_preset=&#8221;default&#8221; global_colors_info=&#8221;{}&#8221;][et_pb_text module_class=&#8221;aos-fade-up&#8221; _builder_version=&#8221;4.27.4&#8243; _module_preset=&#8221;default&#8221; custom_margin=&#8221;-90px||||false|false&#8221; global_colors_info=&#8221;{}&#8221;]<h1 class=\"supplier-header\">About us<\/h1>[\/et_pb_text][et_pb_text module_class=&#8221;aos-fade-up&#8221; _builder_version=&#8221;4.27.4&#8243; _module_preset=&#8221;default&#8221; global_colors_info=&#8221;{}&#8221;]<p class=\"ingress\">Honest and different<\/p>\n\nDriven by a shared passion for quality and design, we\u2019ve created a space for carefully selected furniture, lighting, art, and other irresistible pieces. We also offer project management, custom-made furniture, construction, and installation for those who desire it. Handpicked and handcrafted, plain and simple.\n\nWe work with clients who seek products and solutions that stand the test of time. For us, the focus is on the personal, the honest, and the genuine. To this, we add a level of service that goes beyond the ordinary, generously sharing our knowledge and time. We are constantly curious about the most unique designs \u2014 pieces that resonate deeply \u2014 and have cultivated a network of exceptional contacts over the years. We\u2019re not limited to a few brands but can deliver almost anything from anywhere, as long as we can stand behind it.\n\nOur primary supplier is the Italian brand HENGE, a bold and inspiring company that sets the bar incredibly high\u2014right where we want to be.\n\nBased in Gothenburg, with our showroom at Terrassgatan 5, we cater to all of Sweden. Our spaces are ever-changing, showcasing pieces guaranteed to spark both emotion and curiosity. Additionally, we have full access to HENGE\u2019s showroom in Milan.[\/et_pb_text][\/et_pb_column][\/et_pb_row][et_pb_row column_structure=&#8221;1_2,1_2&#8243; use_custom_gutter=&#8221;on&#8221; gutter_width=&#8221;1&#8243; make_equal=&#8221;on&#8221; _builder_version=&#8221;4.27.4&#8243; _module_preset=&#8221;default&#8221; width=&#8221;100%&#8221; max_width=&#8221;900px&#8221; custom_margin=&#8221;30px||||false|false&#8221; custom_padding=&#8221;||||false|false&#8221; global_colors_info=&#8221;{}&#8221;][et_pb_column type=&#8221;1_2&#8243; _builder_version=&#8221;4.27.4&#8243; _module_preset=&#8221;default&#8221; border_width_right=&#8221;2px&#8221; border_color_right=&#8221;#a8a8a8&#8243; border_color_bottom=&#8221;#a8a8a8&#8243; border_width_right_tablet=&#8221;0px&#8221; border_width_right_phone=&#8221;0px&#8221; border_width_right_last_edited=&#8221;on|tablet&#8221; border_width_bottom_tablet=&#8221;2px&#8221; border_width_bottom_phone=&#8221;2px&#8221; border_width_bottom_last_edited=&#8221;on|tablet&#8221; global_colors_info=&#8221;{}&#8221;][et_pb_text module_class=&#8221;aos-fade-up&#8221; _builder_version=&#8221;4.27.4&#8243; _module_preset=&#8221;default&#8221; custom_margin_tablet=&#8221;|0px|||false|false&#8221; custom_margin_last_edited=&#8221;off|desktop&#8221; custom_padding=&#8221;|30px|||false|false&#8221; custom_padding_tablet=&#8221;|0px|25px||false|false&#8221; custom_padding_phone=&#8221;|0px|25px||false|false&#8221; custom_padding_last_edited=&#8221;on|tablet&#8221; global_colors_info=&#8221;{}&#8221;]<p><strong>Marc Hulth\u00e9n<\/strong> <span>has worked in the industry for nearly 25 years, 15 of which as an entrepreneur.<\/span><\/p>\n<p>&#8211; Working with interiors at this level, with the best there is, is truly a privilege. I\u2019ll never stop being curious, always on the lookout for new suppliers. Over the years, I\u2019ve had the chance to work with incredible companies, often because I go that extra mile to forge meaningful partnerships. Selling high-quality products is something many can do, but delivering at the level we do? That\u2019s rare. After all these years, this has become more than a profession\u2014it\u2019s a way of life.<\/p>[\/et_pb_text][\/et_pb_column][et_pb_column type=&#8221;1_2&#8243; _builder_version=&#8221;4.27.4&#8243; _module_preset=&#8221;default&#8221; global_colors_info=&#8221;{}&#8221;][et_pb_text module_class=&#8221;aos-fade-up&#8221; _builder_version=&#8221;4.27.4&#8243; _module_preset=&#8221;default&#8221; custom_margin=&#8221;|||10px|false|false&#8221; custom_margin_tablet=&#8221;|||0px|false|false&#8221; custom_margin_phone=&#8221;|||0px|false|false&#8221; custom_margin_last_edited=&#8221;on|tablet&#8221; custom_padding=&#8221;|||20px|false|false&#8221; custom_padding_tablet=&#8221;20px|||0px|false|false&#8221; custom_padding_phone=&#8221;20px|||0px|false|false&#8221; custom_padding_last_edited=&#8221;on|tablet&#8221; global_colors_info=&#8221;{}&#8221;]<p><strong>Niklas Claesson<\/strong> <span>is the carpenter who has always had a vision of working with design.<\/span><\/p>\n<p>&#8211; This journey with T5 feels like a natural progression and an incredible opportunity. I\u2019ve always been driven by a deep passion and consider it an honor to bring a customer\u2019s dreams and visions to life. For me, exceptional service and strong relationships are key. As a client, you should always feel that I\u2019m here to help, that I\u2019ll be there if anything happens, and that I\u2019ll go the extra mile to find the best suppliers. Helping clients turn their ideas into reality is what drives me every day.<\/p>[\/et_pb_text][\/et_pb_column][\/et_pb_row][\/et_pb_section]\n","protected":false},"excerpt":{"rendered":"<p>About usHonest and different Driven by a shared passion for quality and design, we\u2019ve created a space for carefully selected furniture, lighting, art, and other irresistible pieces. We also offer project management, custom-made furniture, construction, and installation for those who desire it. Handpicked and handcrafted, plain and simple. We work with clients who seek products [&hellip;]<\/p>\n","protected":false},"author":6,"featured_media":0,"parent":0,"menu_order":0,"comment_status":"closed","ping_status":"closed","template":"","meta":{"_acf_changed":false,"_et_pb_use_builder":"on","_et_pb_old_content":"","_et_gb_content_width":"","_oct_exclude_from_cache":false,"footnotes":""},"class_list":["post-289","page","type-page","status-publish","hentry"],"acf":[],"yoast_head":"<!-- This site is optimized with the Yoast SEO plugin v26.9 - https:\/\/yoast.com\/product\/yoast-seo-wordpress\/ -->\n<title>Om oss - T5 studio<\/title>\n<meta name=\"description\" content=\"P\u00e5 T5 studio hittar du handplockade m\u00f6bler, belysning och inredning. Vi erbjuder \u00e4ven projektledning, specialtillverkning och montage.\" \/>\n<meta name=\"robots\" content=\"index, follow, max-snippet:-1, max-image-preview:large, max-video-preview:-1\" \/>\n<link rel=\"canonical\" href=\"https:\/\/www.t5studio.se\/sv\/om-oss\/\" \/>\n<meta property=\"og:locale\" content=\"sv_SE\" \/>\n<meta property=\"og:type\" content=\"article\" \/>\n<meta property=\"og:title\" content=\"Om oss - T5 studio\" \/>\n<meta property=\"og:description\" content=\"P\u00e5 T5 studio hittar du handplockade m\u00f6bler, belysning och inredning. Vi erbjuder \u00e4ven projektledning, specialtillverkning och montage.\" \/>\n<meta property=\"og:url\" content=\"https:\/\/www.t5studio.se\/sv\/om-oss\/\" \/>\n<meta property=\"og:site_name\" content=\"T5 studio\" \/>\n<meta property=\"article:modified_time\" content=\"2026-02-17T06:53:03+00:00\" \/>\n<meta name=\"twitter:card\" content=\"summary_large_image\" \/>\n<meta name=\"twitter:label1\" content=\"Ber\u00e4knad l\u00e4stid\" \/>\n\t<meta name=\"twitter:data1\" content=\"2 minuter\" \/>\n<script type=\"application\/ld+json\" class=\"yoast-schema-graph\">{\"@context\":\"https:\/\/schema.org\",\"@graph\":[{\"@type\":\"WebPage\",\"@id\":\"https:\/\/www.t5studio.se\/om-oss\/\",\"url\":\"https:\/\/www.t5studio.se\/om-oss\/\",\"name\":\"Om oss - T5 studio\",\"isPartOf\":{\"@id\":\"https:\/\/www.t5studio.se\/#website\"},\"datePublished\":\"2024-05-07T08:48:02+00:00\",\"dateModified\":\"2026-02-17T06:53:03+00:00\",\"description\":\"P\u00e5 T5 studio hittar du handplockade m\u00f6bler, belysning och inredning. Vi erbjuder \u00e4ven projektledning, specialtillverkning och montage.\",\"breadcrumb\":{\"@id\":\"https:\/\/www.t5studio.se\/om-oss\/#breadcrumb\"},\"inLanguage\":\"sv-SE\",\"potentialAction\":[{\"@type\":\"ReadAction\",\"target\":[\"https:\/\/www.t5studio.se\/om-oss\/\"]}]},{\"@type\":\"BreadcrumbList\",\"@id\":\"https:\/\/www.t5studio.se\/om-oss\/#breadcrumb\",\"itemListElement\":[{\"@type\":\"ListItem\",\"position\":1,\"name\":\"Home\",\"item\":\"https:\/\/www.t5studio.se\/\"},{\"@type\":\"ListItem\",\"position\":2,\"name\":\"Om oss\"}]},{\"@type\":\"WebSite\",\"@id\":\"https:\/\/www.t5studio.se\/#website\",\"url\":\"https:\/\/www.t5studio.se\/\",\"name\":\"T5 studio\",\"description\":\"\",\"potentialAction\":[{\"@type\":\"SearchAction\",\"target\":{\"@type\":\"EntryPoint\",\"urlTemplate\":\"https:\/\/www.t5studio.se\/?s={search_term_string}\"},\"query-input\":{\"@type\":\"PropertyValueSpecification\",\"valueRequired\":true,\"valueName\":\"search_term_string\"}}],\"inLanguage\":\"sv-SE\"}]}<\/script>\n<!-- \/ Yoast SEO plugin. -->","yoast_head_json":{"title":"Om oss - T5 studio","description":"P\u00e5 T5 studio hittar du handplockade m\u00f6bler, belysning och inredning. Vi erbjuder \u00e4ven projektledning, specialtillverkning och montage.","robots":{"index":"index","follow":"follow","max-snippet":"max-snippet:-1","max-image-preview":"max-image-preview:large","max-video-preview":"max-video-preview:-1"},"canonical":"https:\/\/www.t5studio.se\/sv\/om-oss\/","og_locale":"sv_SE","og_type":"article","og_title":"Om oss - T5 studio","og_description":"P\u00e5 T5 studio hittar du handplockade m\u00f6bler, belysning och inredning. Vi erbjuder \u00e4ven projektledning, specialtillverkning och montage.","og_url":"https:\/\/www.t5studio.se\/sv\/om-oss\/","og_site_name":"T5 studio","article_modified_time":"2026-02-17T06:53:03+00:00","twitter_card":"summary_large_image","twitter_misc":{"Ber\u00e4knad l\u00e4stid":"2 minuter"},"schema":{"@context":"https:\/\/schema.org","@graph":[{"@type":"WebPage","@id":"https:\/\/www.t5studio.se\/om-oss\/","url":"https:\/\/www.t5studio.se\/om-oss\/","name":"Om oss - T5 studio","isPartOf":{"@id":"https:\/\/www.t5studio.se\/#website"},"datePublished":"2024-05-07T08:48:02+00:00","dateModified":"2026-02-17T06:53:03+00:00","description":"P\u00e5 T5 studio hittar du handplockade m\u00f6bler, belysning och inredning. Vi erbjuder \u00e4ven projektledning, specialtillverkning och montage.","breadcrumb":{"@id":"https:\/\/www.t5studio.se\/om-oss\/#breadcrumb"},"inLanguage":"sv-SE","potentialAction":[{"@type":"ReadAction","target":["https:\/\/www.t5studio.se\/om-oss\/"]}]},{"@type":"BreadcrumbList","@id":"https:\/\/www.t5studio.se\/om-oss\/#breadcrumb","itemListElement":[{"@type":"ListItem","position":1,"name":"Home","item":"https:\/\/www.t5studio.se\/"},{"@type":"ListItem","position":2,"name":"Om oss"}]},{"@type":"WebSite","@id":"https:\/\/www.t5studio.se\/#website","url":"https:\/\/www.t5studio.se\/","name":"T5 studio","description":"","potentialAction":[{"@type":"SearchAction","target":{"@type":"EntryPoint","urlTemplate":"https:\/\/www.t5studio.se\/?s={search_term_string}"},"query-input":{"@type":"PropertyValueSpecification","valueRequired":true,"valueName":"search_term_string"}}],"inLanguage":"sv-SE"}]}},"_links":{"self":[{"href":"https:\/\/www.t5studio.se\/sv\/wp-json\/wp\/v2\/pages\/289","targetHints":{"allow":["GET"]}}],"collection":[{"href":"https:\/\/www.t5studio.se\/sv\/wp-json\/wp\/v2\/pages"}],"about":[{"href":"https:\/\/www.t5studio.se\/sv\/wp-json\/wp\/v2\/types\/page"}],"author":[{"embeddable":true,"href":"https:\/\/www.t5studio.se\/sv\/wp-json\/wp\/v2\/users\/6"}],"replies":[{"embeddable":true,"href":"https:\/\/www.t5studio.se\/sv\/wp-json\/wp\/v2\/comments?post=289"}],"version-history":[{"count":1,"href":"https:\/\/www.t5studio.se\/sv\/wp-json\/wp\/v2\/pages\/289\/revisions"}],"predecessor-version":[{"id":2193,"href":"https:\/\/www.t5studio.se\/sv\/wp-json\/wp\/v2\/pages\/289\/revisions\/2193"}],"wp:attachment":[{"href":"https:\/\/www.t5studio.se\/sv\/wp-json\/wp\/v2\/media?parent=289"}],"curies":[{"name":"wp","href":"https:\/\/api.w.org\/{rel}","templated":true}]}}