{"id":1799,"date":"2024-12-16T11:59:30","date_gmt":"2024-12-16T10:59:30","guid":{"rendered":"https:\/\/www.t5studio.se\/?page_id=1799"},"modified":"2026-02-17T07:55:47","modified_gmt":"2026-02-17T06:55:47","slug":"lithoss","status":"publish","type":"page","link":"https:\/\/www.t5studio.se\/sv\/lithoss\/","title":{"rendered":"Lithoss"},"content":{"rendered":"\n[et_pb_section fb_built=&#8221;1&#8243; module_class=&#8221; gradient-white&#8221; _builder_version=&#8221;4.27.4&#8243; _module_preset=&#8221;default&#8221; background_image=&#8221;https:\/\/www.t5studio.se\/wp-content\/uploads\/2024\/12\/Detail_Circum_cockpit.png&#8221; background_position=&#8221;bottom_center&#8221; background_enable_video_mp4=&#8221;off&#8221; height_tablet=&#8221;500px&#8221; height_phone=&#8221;320px&#8221; height_last_edited=&#8221;on|phone&#8221; global_colors_info=&#8221;{}&#8221;][et_pb_row module_class=&#8221;arrow-down&#8221; _builder_version=&#8221;4.27.4&#8243; _module_preset=&#8221;default&#8221; locked=&#8221;off&#8221; global_colors_info=&#8221;{}&#8221;][et_pb_column type=&#8221;4_4&#8243; _builder_version=&#8221;4.27.4&#8243; _module_preset=&#8221;default&#8221; global_colors_info=&#8221;{}&#8221;][et_pb_image src=&#8221;https:\/\/www.t5studio.se\/wp-content\/uploads\/2025\/02\/arrow-down.png&#8221; title_text=&#8221;arrow-down&#8221; _builder_version=&#8221;4.27.4&#8243; _module_preset=&#8221;default&#8221; global_colors_info=&#8221;{}&#8221;][\/et_pb_image][\/et_pb_column][\/et_pb_row][\/et_pb_section][et_pb_section fb_built=&#8221;1&#8243; custom_padding_last_edited=&#8221;on|tablet&#8221; module_class=&#8221;section-supplier&#8221; _builder_version=&#8221;4.27.4&#8243; _module_preset=&#8221;default&#8221; height_tablet=&#8221;600px&#8221; height_phone=&#8221;370px&#8221; height_last_edited=&#8221;off|desktop&#8221; custom_margin=&#8221;||||false|false&#8221; custom_padding=&#8221;0px|50px||50px|false|true&#8221; custom_padding_tablet=&#8221;0px|30px||30px|false|true&#8221; custom_padding_phone=&#8221;0px|20px||20px|false|true&#8221; hover_enabled=&#8221;0&#8243; global_colors_info=&#8221;{}&#8221; height=&#8221;auto&#8221; sticky_enabled=&#8221;0&#8243;][et_pb_row _builder_version=&#8221;4.27.4&#8243; _module_preset=&#8221;default&#8221; width=&#8221;100%&#8221; max_width=&#8221;900px&#8221; custom_margin=&#8221;0px||||false|false&#8221; custom_padding=&#8221;||||false|false&#8221; global_colors_info=&#8221;{}&#8221;][et_pb_column type=&#8221;4_4&#8243; _builder_version=&#8221;4.25.1&#8243; _module_preset=&#8221;default&#8221; global_colors_info=&#8221;{}&#8221;][et_pb_text module_class=&#8221;aos-fade-up&#8221; _builder_version=&#8221;4.27.4&#8243; _module_preset=&#8221;default&#8221; custom_margin=&#8221;-90px||||false|false&#8221; global_colors_info=&#8221;{}&#8221;]<h1 class=\"supplier-header\">Lithoss<\/h1>[\/et_pb_text][et_pb_text module_class=&#8221;aos-fade-up&#8221; _builder_version=&#8221;4.27.4&#8243; _module_preset=&#8221;default&#8221; global_colors_info=&#8221;{}&#8221;]<p class=\"ingress\">Switches with style<\/p>\n<p>Belgian company Lithoss stands out in the design world with its dedication to quality and innovation. For 15 years, the company has been crafting switches that are both functional and elegantly designed.<\/p>\n<p>The entire process, from concept to production, is meticulously monitored, resulting in products that are reliable and truly distinguishable from their competitors.<\/p>\n<p>Lithoss also offers a unique customization option, allowing each switch to become a personal statement of style.<\/p>\n<p>And here at T5 studio, we truly appreciate style.<\/p>[\/et_pb_text][et_pb_text _builder_version=&#8221;4.27.4&#8243; _module_preset=&#8221;default&#8221; link_font=&#8221;||||on||||&#8221; global_colors_info=&#8221;{}&#8221;]<p><a href=\"https:\/\/www.lithoss.be\/en\/\" target=\"_blank\" rel=\"noopener\">lithoss.be<\/a><\/p>[\/et_pb_text][\/et_pb_column][\/et_pb_row][\/et_pb_section][et_pb_section fb_built=&#8221;1&#8243; custom_padding_last_edited=&#8221;on|tablet&#8221; disabled_on=&#8221;on|on|on&#8221; module_class=&#8221;section-supplier&#8221; _builder_version=&#8221;4.27.4&#8243; _module_preset=&#8221;default&#8221; height=&#8221;auto&#8221; custom_margin=&#8221;||||false|false&#8221; custom_padding=&#8221;0px|50px||50px|false|true&#8221; custom_padding_tablet=&#8221;0px|30px||30px|false|true&#8221; custom_padding_phone=&#8221;0px|20px||20px|false|true&#8221; disabled=&#8221;on&#8221; global_colors_info=&#8221;{}&#8221;][et_pb_row module_class=&#8221;aos-fade-up&#8221; _builder_version=&#8221;4.27.0&#8243; _module_preset=&#8221;default&#8221; width=&#8221;100%&#8221; max_width=&#8221;100%&#8221; global_colors_info=&#8221;{}&#8221;][et_pb_column type=&#8221;4_4&#8243; _builder_version=&#8221;4.25.0&#8243; _module_preset=&#8221;default&#8221; global_colors_info=&#8221;{}&#8221;][et_pb_text _builder_version=&#8221;4.27.4&#8243; _module_preset=&#8221;default&#8221; global_colors_info=&#8221;{}&#8221;]<h1 class=\"supplier-header\">Lithoss<\/h1>[\/et_pb_text][\/et_pb_column][\/et_pb_row][et_pb_row column_structure=&#8221;1_2,1_2&#8243; _builder_version=&#8221;4.25.1&#8243; _module_preset=&#8221;default&#8221; width=&#8221;100%&#8221; max_width=&#8221;100%&#8221; custom_padding=&#8221;||||false|false&#8221; global_colors_info=&#8221;{}&#8221;][et_pb_column type=&#8221;1_2&#8243; _builder_version=&#8221;4.25.1&#8243; _module_preset=&#8221;default&#8221; global_colors_info=&#8221;{}&#8221;][et_pb_text module_class=&#8221;aos-fade-up&#8221; _builder_version=&#8221;4.27.4&#8243; _module_preset=&#8221;default&#8221; global_colors_info=&#8221;{}&#8221;]<p class=\"ingress\">Switches with style<\/p>\n<p>Belgian company Lithoss stands out in the design world with its dedication to quality and innovation. For 15 years, the company has been crafting switches that are both functional and elegantly designed.<\/p>\n<p>The entire process, from concept to production, is meticulously monitored, resulting in products that are reliable and truly distinguishable from their competitors.<\/p>\n<p>Lithoss also offers a unique customization option, allowing each switch to become a personal statement of style.<\/p>\n<p>And here at T5 studio, we truly appreciate style.<\/p>[\/et_pb_text][et_pb_text _builder_version=&#8221;4.27.4&#8243; _module_preset=&#8221;default&#8221; link_font=&#8221;||||on||||&#8221; global_colors_info=&#8221;{}&#8221;]<p><a href=\"https:\/\/www.lithoss.be\/en\/\" target=\"_blank\" rel=\"noopener\">lithoss.be<\/a><\/p>[\/et_pb_text][\/et_pb_column][et_pb_column type=&#8221;1_2&#8243; _builder_version=&#8221;4.25.0&#8243; _module_preset=&#8221;default&#8221; global_colors_info=&#8221;{}&#8221;][et_pb_image src=&#8221;https:\/\/www.t5studio.se\/wp-content\/uploads\/2024\/12\/Cockpit-Detail-18-scaled.jpg&#8221; title_text=&#8221;Cockpit Detail Lithoss&#8221; _builder_version=&#8221;4.27.0&#8243; _module_preset=&#8221;default&#8221; global_colors_info=&#8221;{}&#8221;][\/et_pb_image][\/et_pb_column][\/et_pb_row][\/et_pb_section]\n","protected":false},"excerpt":{"rendered":"<p>LithossSwitches with style Belgian company Lithoss stands out in the design world with its dedication to quality and innovation. For 15 years, the company has been crafting switches that are both functional and elegantly designed. The entire process, from concept to production, is meticulously monitored, resulting in products that are reliable and truly distinguishable from [&hellip;]<\/p>\n","protected":false},"author":6,"featured_media":0,"parent":0,"menu_order":0,"comment_status":"closed","ping_status":"closed","template":"","meta":{"_acf_changed":false,"_et_pb_use_builder":"on","_et_pb_old_content":"","_et_gb_content_width":"","_oct_exclude_from_cache":false,"footnotes":""},"class_list":["post-1799","page","type-page","status-publish","hentry"],"acf":[],"yoast_head":"<!-- This site is optimized with the Yoast SEO plugin v26.9 - https:\/\/yoast.com\/product\/yoast-seo-wordpress\/ -->\n<title>Lithoss - T5 studio<\/title>\n<meta name=\"description\" content=\"Belgiska Lithoss har i 15 \u00e5r skapat stilrena och funktionella str\u00f6mbrytare med fokus p\u00e5 kvalitet, design och innovation.\" \/>\n<meta name=\"robots\" content=\"index, follow, max-snippet:-1, max-image-preview:large, max-video-preview:-1\" \/>\n<link rel=\"canonical\" href=\"https:\/\/www.t5studio.se\/sv\/lithoss\/\" \/>\n<meta property=\"og:locale\" content=\"sv_SE\" \/>\n<meta property=\"og:type\" content=\"article\" \/>\n<meta property=\"og:title\" content=\"Lithoss - T5 studio\" \/>\n<meta property=\"og:description\" content=\"Belgiska Lithoss har i 15 \u00e5r skapat stilrena och funktionella str\u00f6mbrytare med fokus p\u00e5 kvalitet, design och innovation.\" \/>\n<meta property=\"og:url\" content=\"https:\/\/www.t5studio.se\/sv\/lithoss\/\" \/>\n<meta property=\"og:site_name\" content=\"T5 studio\" \/>\n<meta property=\"article:modified_time\" content=\"2026-02-17T06:55:47+00:00\" \/>\n<meta name=\"twitter:card\" content=\"summary_large_image\" \/>\n<meta name=\"twitter:label1\" content=\"Ber\u00e4knad l\u00e4stid\" \/>\n\t<meta name=\"twitter:data1\" content=\"1 minut\" \/>\n<script type=\"application\/ld+json\" class=\"yoast-schema-graph\">{\"@context\":\"https:\/\/schema.org\",\"@graph\":[{\"@type\":\"WebPage\",\"@id\":\"https:\/\/www.t5studio.se\/lithoss\/\",\"url\":\"https:\/\/www.t5studio.se\/lithoss\/\",\"name\":\"Lithoss - T5 studio\",\"isPartOf\":{\"@id\":\"https:\/\/www.t5studio.se\/#website\"},\"datePublished\":\"2024-12-16T10:59:30+00:00\",\"dateModified\":\"2026-02-17T06:55:47+00:00\",\"description\":\"Belgiska Lithoss har i 15 \u00e5r skapat stilrena och funktionella str\u00f6mbrytare med fokus p\u00e5 kvalitet, design och innovation.\",\"breadcrumb\":{\"@id\":\"https:\/\/www.t5studio.se\/lithoss\/#breadcrumb\"},\"inLanguage\":\"sv-SE\",\"potentialAction\":[{\"@type\":\"ReadAction\",\"target\":[\"https:\/\/www.t5studio.se\/lithoss\/\"]}]},{\"@type\":\"BreadcrumbList\",\"@id\":\"https:\/\/www.t5studio.se\/lithoss\/#breadcrumb\",\"itemListElement\":[{\"@type\":\"ListItem\",\"position\":1,\"name\":\"Home\",\"item\":\"https:\/\/www.t5studio.se\/\"},{\"@type\":\"ListItem\",\"position\":2,\"name\":\"Lithoss\"}]},{\"@type\":\"WebSite\",\"@id\":\"https:\/\/www.t5studio.se\/#website\",\"url\":\"https:\/\/www.t5studio.se\/\",\"name\":\"T5 studio\",\"description\":\"\",\"potentialAction\":[{\"@type\":\"SearchAction\",\"target\":{\"@type\":\"EntryPoint\",\"urlTemplate\":\"https:\/\/www.t5studio.se\/?s={search_term_string}\"},\"query-input\":{\"@type\":\"PropertyValueSpecification\",\"valueRequired\":true,\"valueName\":\"search_term_string\"}}],\"inLanguage\":\"sv-SE\"}]}<\/script>\n<!-- \/ Yoast SEO plugin. -->","yoast_head_json":{"title":"Lithoss - T5 studio","description":"Belgiska Lithoss har i 15 \u00e5r skapat stilrena och funktionella str\u00f6mbrytare med fokus p\u00e5 kvalitet, design och innovation.","robots":{"index":"index","follow":"follow","max-snippet":"max-snippet:-1","max-image-preview":"max-image-preview:large","max-video-preview":"max-video-preview:-1"},"canonical":"https:\/\/www.t5studio.se\/sv\/lithoss\/","og_locale":"sv_SE","og_type":"article","og_title":"Lithoss - T5 studio","og_description":"Belgiska Lithoss har i 15 \u00e5r skapat stilrena och funktionella str\u00f6mbrytare med fokus p\u00e5 kvalitet, design och innovation.","og_url":"https:\/\/www.t5studio.se\/sv\/lithoss\/","og_site_name":"T5 studio","article_modified_time":"2026-02-17T06:55:47+00:00","twitter_card":"summary_large_image","twitter_misc":{"Ber\u00e4knad l\u00e4stid":"1 minut"},"schema":{"@context":"https:\/\/schema.org","@graph":[{"@type":"WebPage","@id":"https:\/\/www.t5studio.se\/lithoss\/","url":"https:\/\/www.t5studio.se\/lithoss\/","name":"Lithoss - T5 studio","isPartOf":{"@id":"https:\/\/www.t5studio.se\/#website"},"datePublished":"2024-12-16T10:59:30+00:00","dateModified":"2026-02-17T06:55:47+00:00","description":"Belgiska Lithoss har i 15 \u00e5r skapat stilrena och funktionella str\u00f6mbrytare med fokus p\u00e5 kvalitet, design och innovation.","breadcrumb":{"@id":"https:\/\/www.t5studio.se\/lithoss\/#breadcrumb"},"inLanguage":"sv-SE","potentialAction":[{"@type":"ReadAction","target":["https:\/\/www.t5studio.se\/lithoss\/"]}]},{"@type":"BreadcrumbList","@id":"https:\/\/www.t5studio.se\/lithoss\/#breadcrumb","itemListElement":[{"@type":"ListItem","position":1,"name":"Home","item":"https:\/\/www.t5studio.se\/"},{"@type":"ListItem","position":2,"name":"Lithoss"}]},{"@type":"WebSite","@id":"https:\/\/www.t5studio.se\/#website","url":"https:\/\/www.t5studio.se\/","name":"T5 studio","description":"","potentialAction":[{"@type":"SearchAction","target":{"@type":"EntryPoint","urlTemplate":"https:\/\/www.t5studio.se\/?s={search_term_string}"},"query-input":{"@type":"PropertyValueSpecification","valueRequired":true,"valueName":"search_term_string"}}],"inLanguage":"sv-SE"}]}},"_links":{"self":[{"href":"https:\/\/www.t5studio.se\/sv\/wp-json\/wp\/v2\/pages\/1799","targetHints":{"allow":["GET"]}}],"collection":[{"href":"https:\/\/www.t5studio.se\/sv\/wp-json\/wp\/v2\/pages"}],"about":[{"href":"https:\/\/www.t5studio.se\/sv\/wp-json\/wp\/v2\/types\/page"}],"author":[{"embeddable":true,"href":"https:\/\/www.t5studio.se\/sv\/wp-json\/wp\/v2\/users\/6"}],"replies":[{"embeddable":true,"href":"https:\/\/www.t5studio.se\/sv\/wp-json\/wp\/v2\/comments?post=1799"}],"version-history":[{"count":1,"href":"https:\/\/www.t5studio.se\/sv\/wp-json\/wp\/v2\/pages\/1799\/revisions"}],"predecessor-version":[{"id":2196,"href":"https:\/\/www.t5studio.se\/sv\/wp-json\/wp\/v2\/pages\/1799\/revisions\/2196"}],"wp:attachment":[{"href":"https:\/\/www.t5studio.se\/sv\/wp-json\/wp\/v2\/media?parent=1799"}],"curies":[{"name":"wp","href":"https:\/\/api.w.org\/{rel}","templated":true}]}}