{"id":121,"date":"2024-04-24T07:57:34","date_gmt":"2024-04-24T05:57:34","guid":{"rendered":"https:\/\/www.t5studio.se\/?page_id=121"},"modified":"2026-02-17T07:51:34","modified_gmt":"2026-02-17T06:51:34","slug":"henge","status":"publish","type":"page","link":"https:\/\/www.t5studio.se\/sv\/henge\/","title":{"rendered":"HENGE"},"content":{"rendered":"\n[et_pb_section fb_built=&#8221;1&#8243; _builder_version=&#8221;4.27.4&#8243; _module_preset=&#8221;default&#8221; background_video_mp4=&#8221;https:\/\/www.t5studio.se\/wp-content\/uploads\/2024\/04\/landing_henge_bg_video.mp4&#8243; height_tablet=&#8221;650px&#8221; height_phone=&#8221;600px&#8221; height_last_edited=&#8221;on|phone&#8221; hover_enabled=&#8221;0&#8243; global_colors_info=&#8221;{}&#8221; sticky_enabled=&#8221;0&#8243;][\/et_pb_section][et_pb_section fb_built=&#8221;1&#8243; custom_padding_last_edited=&#8221;on|phone&#8221; module_class=&#8221;section-supplier&#8221; _builder_version=&#8221;4.27.4&#8243; _module_preset=&#8221;default&#8221; height=&#8221;auto&#8221; custom_padding=&#8221;|||50px|false|false&#8221; custom_padding_tablet=&#8221;|||50px|false|false&#8221; custom_padding_phone=&#8221;|25px||25px|false|true&#8221; global_colors_info=&#8221;{}&#8221;][et_pb_row _builder_version=&#8221;4.27.4&#8243; _module_preset=&#8221;default&#8221; width=&#8221;100%&#8221; max_width=&#8221;100%&#8221; custom_margin=&#8221;||||false|false&#8221; custom_padding=&#8221;|50px|||false|false&#8221; global_colors_info=&#8221;{}&#8221;][et_pb_column type=&#8221;4_4&#8243; _builder_version=&#8221;4.25.0&#8243; _module_preset=&#8221;default&#8221; global_colors_info=&#8221;{}&#8221;][et_pb_text _builder_version=&#8221;4.27.4&#8243; _module_preset=&#8221;default&#8221; max_width=&#8221;1200px&#8221; custom_margin=&#8221;||20px||false|false&#8221; global_colors_info=&#8221;{}&#8221;]<h1 class=\"supplier-header\">Welcome to HENGE world<\/h1>[\/et_pb_text][et_pb_text module_class=&#8221;aos-fade-up&#8221; _builder_version=&#8221;4.27.4&#8243; _module_preset=&#8221;default&#8221; max_width=&#8221;1200px&#8221; custom_margin=&#8221;||20px||false|false&#8221; global_colors_info=&#8221;{}&#8221;]<p>Over its 13 years of history, HENGE has stood out as a new benchmark for the entire high-end interior design industry. An italian company capable of satisfying a sophisticated clientele and different lifestyles across the world, thanks to its unique approach to the world of interior design. Today, HENGE is present with its network in over 70 countries across the world, collaborating with leading architects and interior designers.<\/p>\n<p>HENGE are proud to have no restrictions, they are not an industry tied to a standard production process. The company \u0301s minds are free to create because they can work with any material, any technology and any shape. Nature, weather, climate and the seasons play a vital role for the success of every single product they make. HENGE is a research laboratory where creativity is at the centre of their work.<\/p>\n<p>T5 studio are so proud to be a part of HENGE and their journey.<\/p>[\/et_pb_text][et_pb_text _builder_version=&#8221;4.27.4&#8243; _module_preset=&#8221;default&#8221; max_width=&#8221;1200px&#8221; global_colors_info=&#8221;{}&#8221;]<p><span style=\"text-decoration: underline;\"><a href=\"https:\/\/www.henge07.com\/\">HENGE07.com<\/a><\/span><\/p>[\/et_pb_text][\/et_pb_column][\/et_pb_row][et_pb_row _builder_version=&#8221;4.25.0&#8243; _module_preset=&#8221;default&#8221; width=&#8221;100%&#8221; max_width=&#8221;100%&#8221; global_colors_info=&#8221;{}&#8221;][et_pb_column type=&#8221;4_4&#8243; _builder_version=&#8221;4.25.0&#8243; _module_preset=&#8221;default&#8221; global_colors_info=&#8221;{}&#8221;][et_pb_text _builder_version=&#8221;4.27.4&#8243; _module_preset=&#8221;default&#8221; global_colors_info=&#8221;{}&#8221;]<h1>HENGE &#8211; Collections<\/h1>[\/et_pb_text][\/et_pb_column][\/et_pb_row][et_pb_row module_class=&#8221;aos-fade-up&#8221; _builder_version=&#8221;4.27.0&#8243; _module_preset=&#8221;default&#8221; width=&#8221;100%&#8221; max_width=&#8221;100%&#8221; global_colors_info=&#8221;{}&#8221;][et_pb_column type=&#8221;4_4&#8243; _builder_version=&#8221;4.25.0&#8243; _module_preset=&#8221;default&#8221; global_colors_info=&#8221;{}&#8221;][dica_divi_carousel item_width_auto=&#8221;on&#8221; item_width=&#8221;400px&#8221; item_width_tablet=&#8221;400px&#8221; item_width_phone=&#8221;100%&#8221; item_width_last_edited=&#8221;on|phone&#8221; multislide=&#8221;on&#8221; arrow_nav=&#8221;on&#8221; item_spacing=&#8221;50&#8243; advanced_effect=&#8221;1&#8243; arrow_nav_color=&#8221;gcid-body-color&#8221; dots_active_color=&#8221;#FFFFFF&#8221; arrow_position=&#8221;bottom&#8221; arrow_alignment=&#8221;center&#8221; title_padding=&#8221;25px||||false|false&#8221; _builder_version=&#8221;4.27.0&#8243; _module_preset=&#8221;default&#8221; title_font_size=&#8221;16px&#8221; global_colors_info=&#8221;{%22gcid-body-color%22:%91%22arrow_nav_color%22%93}&#8221; transform_styles__hover_enabled=&#8221;on|hover&#8221; transform_scale__hover_enabled=&#8221;on|hover&#8221; transform_translate__hover_enabled=&#8221;on|desktop&#8221; transform_rotate__hover_enabled=&#8221;on|desktop&#8221; transform_skew__hover_enabled=&#8221;on|desktop&#8221; transform_origin__hover_enabled=&#8221;on|desktop&#8221;][dica_divi_carouselitem title=&#8221;Lighting&#8221; url=&#8221;https:\/\/www.t5studio.se\/henge\/lightning\/&#8221; button_url_new_window=&#8221;1&#8243; image=&#8221;https:\/\/www.t5studio.se\/wp-content\/uploads\/2024\/04\/henge-lightings-spyder-M3-e1713951509317.jpg&#8221; _builder_version=&#8221;4.27.0&#8243; _module_preset=&#8221;default&#8221; global_colors_info=&#8221;{}&#8221;][\/dica_divi_carouselitem][dica_divi_carouselitem title=&#8221;Bookcases&#8221; url=&#8221;https:\/\/www.t5studio.se\/henge\/bookcases\/&#8221; button_url_new_window=&#8221;1&#8243; image=&#8221;https:\/\/www.t5studio.se\/wp-content\/uploads\/2024\/04\/Bookcases_henge_collection.jpg&#8221; _builder_version=&#8221;4.27.0&#8243; _module_preset=&#8221;default&#8221; global_colors_info=&#8221;{}&#8221;][\/dica_divi_carouselitem][dica_divi_carouselitem title=&#8221;Cabinets and Sidetables&#8221; url=&#8221;https:\/\/www.t5studio.se\/henge\/cabinets-and-sideboards\/&#8221; button_url_new_window=&#8221;1&#8243; image=&#8221;https:\/\/www.t5studio.se\/wp-content\/uploads\/2024\/04\/cabinets_and_sideboards_henge_collection.jpg&#8221; _builder_version=&#8221;4.27.0&#8243; _module_preset=&#8221;default&#8221; global_colors_info=&#8221;{}&#8221;][\/dica_divi_carouselitem][dica_divi_carouselitem title=&#8221;Tables&#8221; url=&#8221;https:\/\/www.t5studio.se\/henge\/tables\/&#8221; button_url_new_window=&#8221;1&#8243; image=&#8221;https:\/\/www.t5studio.se\/wp-content\/uploads\/2024\/04\/tables_henge_collection.jpg&#8221; _builder_version=&#8221;4.25.0&#8243; _module_preset=&#8221;default&#8221; global_colors_info=&#8221;{}&#8221;][\/dica_divi_carouselitem][dica_divi_carouselitem title=&#8221;Coffee Tables&#8221; url=&#8221;https:\/\/www.t5studio.se\/henge\/coffee-tables\/&#8221; button_url_new_window=&#8221;1&#8243; image=&#8221;https:\/\/www.t5studio.se\/wp-content\/uploads\/2024\/04\/coffee_tables_henge_collection.jpg&#8221; _builder_version=&#8221;4.27.0&#8243; _module_preset=&#8221;default&#8221; global_colors_info=&#8221;{}&#8221;][\/dica_divi_carouselitem][dica_divi_carouselitem title=&#8221;Sofas and Armchairs&#8221; url=&#8221;https:\/\/www.t5studio.se\/henge\/sofas-and-armchairs\/&#8221; button_url_new_window=&#8221;1&#8243; image=&#8221;https:\/\/www.t5studio.se\/wp-content\/uploads\/2024\/04\/sofas_henge_collection.jpg&#8221; _builder_version=&#8221;4.27.0&#8243; _module_preset=&#8221;default&#8221; global_colors_info=&#8221;{}&#8221;][\/dica_divi_carouselitem][dica_divi_carouselitem title=&#8221;Chairs and Stools&#8221; url=&#8221;https:\/\/www.t5studio.se\/henge\/chairs-and-stools\/&#8221; button_url_new_window=&#8221;1&#8243; image=&#8221;https:\/\/www.t5studio.se\/wp-content\/uploads\/2024\/04\/chairs_and_stools_henge_collection.jpg&#8221; _builder_version=&#8221;4.27.0&#8243; _module_preset=&#8221;default&#8221; global_colors_info=&#8221;{}&#8221;][\/dica_divi_carouselitem][dica_divi_carouselitem title=&#8221;Kitchens&#8221; url=&#8221;https:\/\/www.t5studio.se\/henge\/kitchens\/&#8221; button_url_new_window=&#8221;1&#8243; image=&#8221;https:\/\/www.t5studio.se\/wp-content\/uploads\/2024\/04\/Kitchens_henge_collection.jpg&#8221; _builder_version=&#8221;4.27.0&#8243; _module_preset=&#8221;default&#8221; global_colors_info=&#8221;{}&#8221;][\/dica_divi_carouselitem][dica_divi_carouselitem title=&#8221;Wall Panelling&#8221; url=&#8221;https:\/\/www.t5studio.se\/henge\/wall-panelling\/&#8221; button_url_new_window=&#8221;1&#8243; image=&#8221;https:\/\/www.t5studio.se\/wp-content\/uploads\/2024\/04\/wall_panelling_henge_collection.jpg&#8221; _builder_version=&#8221;4.27.0&#8243; _module_preset=&#8221;default&#8221; global_colors_info=&#8221;{}&#8221;][\/dica_divi_carouselitem][dica_divi_carouselitem title=&#8221;Accessories&#8221; url=&#8221;https:\/\/www.t5studio.se\/henge\/accessories\/&#8221; button_url_new_window=&#8221;1&#8243; image=&#8221;https:\/\/www.t5studio.se\/wp-content\/uploads\/2024\/04\/accessories_henge_collection.jpg&#8221; _builder_version=&#8221;4.27.0&#8243; _module_preset=&#8221;default&#8221; global_colors_info=&#8221;{}&#8221;][\/dica_divi_carouselitem][\/dica_divi_carousel][\/et_pb_column][\/et_pb_row][\/et_pb_section]\n","protected":false},"excerpt":{"rendered":"<p>Welcome to HENGE worldOver its 13 years of history, HENGE has stood out as a new benchmark for the entire high-end interior design industry. An italian company capable of satisfying a sophisticated clientele and different lifestyles across the world, thanks to its unique approach to the world of interior design. Today, HENGE is present with [&hellip;]<\/p>\n","protected":false},"author":6,"featured_media":0,"parent":0,"menu_order":0,"comment_status":"closed","ping_status":"closed","template":"","meta":{"_acf_changed":false,"_et_pb_use_builder":"on","_et_pb_old_content":"","_et_gb_content_width":"","_oct_exclude_from_cache":false,"footnotes":""},"class_list":["post-121","page","type-page","status-publish","hentry"],"acf":[],"yoast_head":"<!-- This site is optimized with the Yoast SEO plugin v26.9 - https:\/\/yoast.com\/product\/yoast-seo-wordpress\/ -->\n<title>HENGE - T5 studio<\/title>\n<meta name=\"description\" content=\"Med produkter som kan tillfredsst\u00e4lla de mest kr\u00e4sna kunderna, och samtidigt bl\u00e5sa andra av stolen, har HENGE ett alldeles eget uttryck.\" \/>\n<meta name=\"robots\" content=\"index, follow, max-snippet:-1, max-image-preview:large, max-video-preview:-1\" \/>\n<link rel=\"canonical\" href=\"https:\/\/www.t5studio.se\/sv\/henge\/\" \/>\n<meta property=\"og:locale\" content=\"sv_SE\" \/>\n<meta property=\"og:type\" content=\"article\" \/>\n<meta property=\"og:title\" content=\"HENGE - T5 studio\" \/>\n<meta property=\"og:description\" content=\"Med produkter som kan tillfredsst\u00e4lla de mest kr\u00e4sna kunderna, och samtidigt bl\u00e5sa andra av stolen, har HENGE ett alldeles eget uttryck.\" \/>\n<meta property=\"og:url\" content=\"https:\/\/www.t5studio.se\/sv\/henge\/\" \/>\n<meta property=\"og:site_name\" content=\"T5 studio\" \/>\n<meta property=\"article:modified_time\" content=\"2026-02-17T06:51:34+00:00\" \/>\n<meta name=\"twitter:card\" content=\"summary_large_image\" \/>\n<meta name=\"twitter:label1\" content=\"Ber\u00e4knad l\u00e4stid\" \/>\n\t<meta name=\"twitter:data1\" content=\"3 minuter\" \/>\n<script type=\"application\/ld+json\" class=\"yoast-schema-graph\">{\"@context\":\"https:\/\/schema.org\",\"@graph\":[{\"@type\":\"WebPage\",\"@id\":\"https:\/\/www.t5studio.se\/henge\/\",\"url\":\"https:\/\/www.t5studio.se\/henge\/\",\"name\":\"HENGE - T5 studio\",\"isPartOf\":{\"@id\":\"https:\/\/www.t5studio.se\/#website\"},\"datePublished\":\"2024-04-24T05:57:34+00:00\",\"dateModified\":\"2026-02-17T06:51:34+00:00\",\"description\":\"Med produkter som kan tillfredsst\u00e4lla de mest kr\u00e4sna kunderna, och samtidigt bl\u00e5sa andra av stolen, har HENGE ett alldeles eget uttryck.\",\"breadcrumb\":{\"@id\":\"https:\/\/www.t5studio.se\/henge\/#breadcrumb\"},\"inLanguage\":\"sv-SE\",\"potentialAction\":[{\"@type\":\"ReadAction\",\"target\":[\"https:\/\/www.t5studio.se\/henge\/\"]}]},{\"@type\":\"BreadcrumbList\",\"@id\":\"https:\/\/www.t5studio.se\/henge\/#breadcrumb\",\"itemListElement\":[{\"@type\":\"ListItem\",\"position\":1,\"name\":\"Home\",\"item\":\"https:\/\/www.t5studio.se\/\"},{\"@type\":\"ListItem\",\"position\":2,\"name\":\"HENGE\"}]},{\"@type\":\"WebSite\",\"@id\":\"https:\/\/www.t5studio.se\/#website\",\"url\":\"https:\/\/www.t5studio.se\/\",\"name\":\"T5 studio\",\"description\":\"\",\"potentialAction\":[{\"@type\":\"SearchAction\",\"target\":{\"@type\":\"EntryPoint\",\"urlTemplate\":\"https:\/\/www.t5studio.se\/?s={search_term_string}\"},\"query-input\":{\"@type\":\"PropertyValueSpecification\",\"valueRequired\":true,\"valueName\":\"search_term_string\"}}],\"inLanguage\":\"sv-SE\"}]}<\/script>\n<!-- \/ Yoast SEO plugin. -->","yoast_head_json":{"title":"HENGE - T5 studio","description":"Med produkter som kan tillfredsst\u00e4lla de mest kr\u00e4sna kunderna, och samtidigt bl\u00e5sa andra av stolen, har HENGE ett alldeles eget uttryck.","robots":{"index":"index","follow":"follow","max-snippet":"max-snippet:-1","max-image-preview":"max-image-preview:large","max-video-preview":"max-video-preview:-1"},"canonical":"https:\/\/www.t5studio.se\/sv\/henge\/","og_locale":"sv_SE","og_type":"article","og_title":"HENGE - T5 studio","og_description":"Med produkter som kan tillfredsst\u00e4lla de mest kr\u00e4sna kunderna, och samtidigt bl\u00e5sa andra av stolen, har HENGE ett alldeles eget uttryck.","og_url":"https:\/\/www.t5studio.se\/sv\/henge\/","og_site_name":"T5 studio","article_modified_time":"2026-02-17T06:51:34+00:00","twitter_card":"summary_large_image","twitter_misc":{"Ber\u00e4knad l\u00e4stid":"3 minuter"},"schema":{"@context":"https:\/\/schema.org","@graph":[{"@type":"WebPage","@id":"https:\/\/www.t5studio.se\/henge\/","url":"https:\/\/www.t5studio.se\/henge\/","name":"HENGE - T5 studio","isPartOf":{"@id":"https:\/\/www.t5studio.se\/#website"},"datePublished":"2024-04-24T05:57:34+00:00","dateModified":"2026-02-17T06:51:34+00:00","description":"Med produkter som kan tillfredsst\u00e4lla de mest kr\u00e4sna kunderna, och samtidigt bl\u00e5sa andra av stolen, har HENGE ett alldeles eget uttryck.","breadcrumb":{"@id":"https:\/\/www.t5studio.se\/henge\/#breadcrumb"},"inLanguage":"sv-SE","potentialAction":[{"@type":"ReadAction","target":["https:\/\/www.t5studio.se\/henge\/"]}]},{"@type":"BreadcrumbList","@id":"https:\/\/www.t5studio.se\/henge\/#breadcrumb","itemListElement":[{"@type":"ListItem","position":1,"name":"Home","item":"https:\/\/www.t5studio.se\/"},{"@type":"ListItem","position":2,"name":"HENGE"}]},{"@type":"WebSite","@id":"https:\/\/www.t5studio.se\/#website","url":"https:\/\/www.t5studio.se\/","name":"T5 studio","description":"","potentialAction":[{"@type":"SearchAction","target":{"@type":"EntryPoint","urlTemplate":"https:\/\/www.t5studio.se\/?s={search_term_string}"},"query-input":{"@type":"PropertyValueSpecification","valueRequired":true,"valueName":"search_term_string"}}],"inLanguage":"sv-SE"}]}},"_links":{"self":[{"href":"https:\/\/www.t5studio.se\/sv\/wp-json\/wp\/v2\/pages\/121","targetHints":{"allow":["GET"]}}],"collection":[{"href":"https:\/\/www.t5studio.se\/sv\/wp-json\/wp\/v2\/pages"}],"about":[{"href":"https:\/\/www.t5studio.se\/sv\/wp-json\/wp\/v2\/types\/page"}],"author":[{"embeddable":true,"href":"https:\/\/www.t5studio.se\/sv\/wp-json\/wp\/v2\/users\/6"}],"replies":[{"embeddable":true,"href":"https:\/\/www.t5studio.se\/sv\/wp-json\/wp\/v2\/comments?post=121"}],"version-history":[{"count":1,"href":"https:\/\/www.t5studio.se\/sv\/wp-json\/wp\/v2\/pages\/121\/revisions"}],"predecessor-version":[{"id":2051,"href":"https:\/\/www.t5studio.se\/sv\/wp-json\/wp\/v2\/pages\/121\/revisions\/2051"}],"wp:attachment":[{"href":"https:\/\/www.t5studio.se\/sv\/wp-json\/wp\/v2\/media?parent=121"}],"curies":[{"name":"wp","href":"https:\/\/api.w.org\/{rel}","templated":true}]}}